{"id":693,"date":"2022-10-17T03:11:22","date_gmt":"2022-10-17T03:11:22","guid":{"rendered":"http:\/\/zeinetdemo.local\/broadband-copy\/"},"modified":"2024-05-13T18:21:11","modified_gmt":"2024-05-13T17:21:11","slug":"fast-internet","status":"publish","type":"page","link":"https:\/\/rawiptv.com\/fr\/fast-internet\/","title":{"rendered":"Internet rapide"},"content":{"rendered":"<div data-elementor-type=\"wp-page\" data-elementor-id=\"693\" class=\"elementor elementor-693\" data-elementor-post-type=\"page\">\n\t\t\t\t\t\t<section class=\"elementor-section elementor-top-section elementor-element elementor-element-604c1453 elementor-section-boxed elementor-section-height-default elementor-section-height-default\" data-id=\"604c1453\" data-element_type=\"section\">\n\t\t\t\t\t\t<div class=\"elementor-container elementor-column-gap-default\">\n\t\t\t\t\t<div class=\"elementor-column elementor-col-33 elementor-top-column elementor-element elementor-element-6fe07d74\" data-id=\"6fe07d74\" data-element_type=\"column\">\n\t\t\t<div class=\"elementor-widget-wrap elementor-element-populated\">\n\t\t\t\t\t\t<div class=\"elementor-element elementor-element-35cde5f elementor-widget elementor-widget-sidebar-nav\" data-id=\"35cde5f\" data-element_type=\"widget\" data-widget_type=\"sidebar-nav.default\">\n\t\t\t\t<div class=\"elementor-widget-container\">\n\t\t\t\t\t    <div class=\"service-details__category\">\r\n                    <ul id=\"menu-service-menu\" class=\"service-details__category-list list-unstyled clearfix ml-0\"><li id=\"menu-item-703\" class=\"menu-item menu-item-type-post_type menu-item-object-page menu-item-703\"><a href=\"https:\/\/rawiptv.com\/fr\/satelite-tv\/\"><span class=\"icon-right-arrow1\"><\/span>T\u00e9l\u00e9vision par satellite<\/a><\/li>\n<li id=\"menu-item-704\" class=\"menu-item menu-item-type-post_type menu-item-object-page menu-item-704\"><a href=\"https:\/\/rawiptv.com\/fr\/fast-internet\/\"><span class=\"icon-right-arrow1\"><\/span>Internet rapide<\/a><\/li>\n<li id=\"menu-item-706\" class=\"menu-item menu-item-type-post_type menu-item-object-page menu-item-706\"><a href=\"https:\/\/rawiptv.com\/fr\/all-for-mobile\/\"><span class=\"icon-right-arrow1\"><\/span>Tout pour le mobile<\/a><\/li>\n<li id=\"menu-item-707\" class=\"menu-item menu-item-type-post_type menu-item-object-page menu-item-707\"><a href=\"https:\/\/rawiptv.com\/fr\/tv-streaming\/\"><span class=\"icon-right-arrow1\"><\/span>TV et streaming<\/a><\/li>\n<\/ul>        \r\n    <\/div>\r\n\t\t\t\t<\/div>\n\t\t\t\t<\/div>\n\t\t\t\t<div class=\"elementor-element elementor-element-2e66fb9b elementor-widget elementor-widget-footer-sidebar-call-to-action\" data-id=\"2e66fb9b\" data-element_type=\"widget\" data-widget_type=\"footer-sidebar-call-to-action.default\">\n\t\t\t\t<div class=\"elementor-widget-container\">\n\t\t\t\t\t    <div class=\"service-details__need-help\">\r\n                    <div class=\"service-details__need-help-bg\" style=\"background-image: url(http:\/\/bracketweb.com\/zeinetwp\/wp-content\/uploads\/2022\/10\/service-details-need-help-bg.jpg)\"><\/div>\r\n                <div class=\"service-details__need-help-icon icon-svg-large\">\r\n            <span aria-hidden=\"true\" class=\"icon-phone-call\"><\/span>        <\/div>\r\n                    <h2 class=\"service-details__need-help-title\">Obtenir de l'argent <br> Internet \u00e0 haut d\u00e9bit <br> services<\/h2>\r\n                            <div class=\"service-details__need-help-contact\">\r\n\r\n                <p>Appeler \u00e0 tout moment<\/p>\r\n\r\n                <a href=\"tel:8898006802\">+88 (9800) - 6802<\/a>\r\n\r\n            <\/div>\r\n            <\/div>\r\n\r\n\t\t\t\t<\/div>\n\t\t\t\t<\/div>\n\t\t\t\t<div class=\"elementor-element elementor-element-13f966c0 elementor-widget elementor-widget-zeinet-button\" data-id=\"13f966c0\" data-element_type=\"widget\" data-widget_type=\"zeinet-button.default\">\n\t\t\t\t<div class=\"elementor-widget-container\">\n\t\t\t\t\t    <div class=\"service-details__download\">\r\n        <a href=\"http:\/\/bracketweb.com\/zeinetwp\/contact\/\" class=\"thm-btn service-details__btn\" target=\"_blank\">\r\n            Commencer maintenant        <\/a>\r\n    <\/div>\r\n\t\t\t\t<\/div>\n\t\t\t\t<\/div>\n\t\t\t\t\t<\/div>\n\t\t<\/div>\n\t\t\t\t<div class=\"elementor-column elementor-col-66 elementor-top-column elementor-element elementor-element-3d67043\" data-id=\"3d67043\" data-element_type=\"column\">\n\t\t\t<div class=\"elementor-widget-wrap elementor-element-populated\">\n\t\t\t\t\t\t<div class=\"elementor-element elementor-element-22c6d756 elementor-widget elementor-widget-image\" data-id=\"22c6d756\" data-element_type=\"widget\" data-widget_type=\"image.default\">\n\t\t\t\t<div class=\"elementor-widget-container\">\n\t\t\t\t\t\t\t\t\t\t\t\t\t\t\t<img fetchpriority=\"high\" decoding=\"async\" width=\"770\" height=\"451\" src=\"https:\/\/rawiptv.com\/wp-content\/uploads\/2022\/10\/service-details-img.jpg\" class=\"attachment-full size-full wp-image-633\" alt=\"\" srcset=\"https:\/\/rawiptv.com\/wp-content\/uploads\/2022\/10\/service-details-img.jpg 770w, https:\/\/rawiptv.com\/wp-content\/uploads\/2022\/10\/service-details-img-570x334.jpg 570w, https:\/\/rawiptv.com\/wp-content\/uploads\/2022\/10\/service-details-img-300x176.jpg 300w, https:\/\/rawiptv.com\/wp-content\/uploads\/2022\/10\/service-details-img-768x450.jpg 768w\" sizes=\"(max-width: 770px) 100vw, 770px\" \/>\t\t\t\t\t\t\t\t\t\t\t\t\t\t\t<\/div>\n\t\t\t\t<\/div>\n\t\t\t\t<div class=\"elementor-element elementor-element-5edb3971 elementor-widget elementor-widget-heading\" data-id=\"5edb3971\" data-element_type=\"widget\" data-widget_type=\"heading.default\">\n\t\t\t\t<div class=\"elementor-widget-container\">\n\t\t\t\t\t<h2 class=\"elementor-heading-title elementor-size-default\">Internet rapide<\/h2>\t\t\t\t<\/div>\n\t\t\t\t<\/div>\n\t\t\t\t<div class=\"elementor-element elementor-element-23bb35aa elementor-widget elementor-widget-text-editor\" data-id=\"23bb35aa\" data-element_type=\"widget\" data-widget_type=\"text-editor.default\">\n\t\t\t\t<div class=\"elementor-widget-container\">\n\t\t\t\t\t\t\t\t\tIl existe de nombreuses variantes de passages de lorem ipsum\n                                    est simplement un texte libre disponible sur le march\u00e9, mais la majeure partie du temps que vous mettez de c\u00f4t\u00e9 pour \u00eatre dans notre bureau.\n                                    pour \u00eatre dans notre bureau. Lorem ipsum dolor sit amet, consectetLorem ipsum dolor sit amet,\n                                    consectetur adipisicing elit, sed do eiusmod tempor incididunt ut labore et dolore\n                                    magna aliqua. Lorem ipsum dolor sit amet, consectetur adipisicing elit, sed do\n                                    eiusmod tempor incidunt ut labore et dolore magna aliqua.\t\t\t\t\t\t\t\t<\/div>\n\t\t\t\t<\/div>\n\t\t\t\t<div class=\"elementor-element elementor-element-50965202 elementor-widget elementor-widget-html\" data-id=\"50965202\" data-element_type=\"widget\" data-widget_type=\"html.default\">\n\t\t\t\t<div class=\"elementor-widget-container\">\n\t\t\t\t\t        <div class=\"service-details__quote\">\r\n                                    <p class=\"service-details__quote-text\">Nous sommes synonymes de qualit\u00e9, de s\u00e9curit\u00e9 et de cr\u00e9dibilit\u00e9,\r\n                                        vous pouvez donc nous faire confiance pour nos services internet \u00e0 haut d\u00e9bit.<\/p>\r\n                                <\/div>\t\t\t\t<\/div>\n\t\t\t\t<\/div>\n\t\t\t\t<div class=\"elementor-element elementor-element-7ff5fc1 elementor-widget elementor-widget-text-editor\" data-id=\"7ff5fc1\" data-element_type=\"widget\" data-widget_type=\"text-editor.default\">\n\t\t\t\t<div class=\"elementor-widget-container\">\n\t\t\t\t\t\t\t\t\tUt enim ad minima veniam, quis nostrum exercitationem\n                                    ullam corporis suscipit laboriosam, nisi ut aliquid ex ea commodi consequatur ? Quis\n                                    autem vel eum iure reprehenderit qui in ea voluptate velit esse quam nihil molestiae\n                                    consequatur, vel illum qui dolorem eum fugiat quo voluptas nulla pariatur iste natus\n                                    error sit voluptatem accusantium doloremque laudantium.\t\t\t\t\t\t\t\t<\/div>\n\t\t\t\t<\/div>\n\t\t\t\t<section class=\"elementor-section elementor-inner-section elementor-element elementor-element-498ff1e8 elementor-section-boxed elementor-section-height-default elementor-section-height-default\" data-id=\"498ff1e8\" data-element_type=\"section\">\n\t\t\t\t\t\t<div class=\"elementor-container elementor-column-gap-default\">\n\t\t\t\t\t<div class=\"elementor-column elementor-col-50 elementor-inner-column elementor-element elementor-element-3708942c\" data-id=\"3708942c\" data-element_type=\"column\">\n\t\t\t<div class=\"elementor-widget-wrap elementor-element-populated\">\n\t\t\t\t\t\t<div class=\"elementor-element elementor-element-3ff33e89 elementor-widget elementor-widget-image\" data-id=\"3ff33e89\" data-element_type=\"widget\" data-widget_type=\"image.default\">\n\t\t\t\t<div class=\"elementor-widget-container\">\n\t\t\t\t\t\t\t\t\t\t\t\t\t\t\t<img decoding=\"async\" width=\"370\" height=\"239\" src=\"https:\/\/rawiptv.com\/wp-content\/uploads\/2022\/10\/service-details-benefit-img.jpg\" class=\"attachment-full size-full wp-image-641\" alt=\"alt\" srcset=\"https:\/\/rawiptv.com\/wp-content\/uploads\/2022\/10\/service-details-benefit-img.jpg 370w, https:\/\/rawiptv.com\/wp-content\/uploads\/2022\/10\/service-details-benefit-img-300x194.jpg 300w\" sizes=\"(max-width: 370px) 100vw, 370px\" \/>\t\t\t\t\t\t\t\t\t\t\t\t\t\t\t<\/div>\n\t\t\t\t<\/div>\n\t\t\t\t\t<\/div>\n\t\t<\/div>\n\t\t\t\t<div class=\"elementor-column elementor-col-50 elementor-inner-column elementor-element elementor-element-44e16f84\" data-id=\"44e16f84\" data-element_type=\"column\">\n\t\t\t<div class=\"elementor-widget-wrap elementor-element-populated\">\n\t\t\t\t\t\t<div class=\"elementor-element elementor-element-377f712e elementor-widget elementor-widget-html\" data-id=\"377f712e\" data-element_type=\"widget\" data-widget_type=\"html.default\">\n\t\t\t\t<div class=\"elementor-widget-container\">\n\t\t\t\t\t<h4 class=\"service-details__benefit-title\">Nos avantages<\/h4>\r\n                                            <p class=\"service-details__benefit-text\">Duis aute irure dolor in\r\n                                                reprehenderit in voluptate velit esse cillum.<\/p>\r\n                                            <ul class=\"list-unstyled service-details__benefit-points ml-0\">\r\n                                                <li>\r\n                                                    <div class=\"icon\">\r\n                                                        <i class=\"fas fa-arrow-right\"><\/i>\r\n                                                    <\/div>\r\n                                                    <div class=\"text\">\r\n                                                        <p>Praesent efficitur quam sit amet<\/p>\r\n                                                    <\/div>\r\n                                                <\/li>\r\n                                                <li>\r\n                                                    <div class=\"icon\">\r\n                                                        <i class=\"fas fa-arrow-right\"><\/i>\r\n                                                    <\/div>\r\n                                                    <div class=\"text\">\r\n                                                        <p>Nunc cursus dolor id purus euismod<\/p>\r\n                                                    <\/div>\r\n                                                <\/li>\r\n                                                <li>\r\n                                                    <div class=\"icon\">\r\n                                                        <i class=\"fas fa-arrow-right\"><\/i>\r\n                                                    <\/div>\r\n                                                    <div class=\"text\">\r\n                                                        <p>Quisque tincidunt eros ac place viverra<\/p>\r\n                                                    <\/div>\r\n                                                <\/li>\r\n                                            <\/ul>\t\t\t\t<\/div>\n\t\t\t\t<\/div>\n\t\t\t\t\t<\/div>\n\t\t<\/div>\n\t\t\t\t\t<\/div>\n\t\t<\/section>\n\t\t\t\t<div class=\"elementor-element elementor-element-5c0932bd elementor-widget elementor-widget-zeinet-faq\" data-id=\"5c0932bd\" data-element_type=\"widget\" data-widget_type=\"zeinet-faq.default\">\n\t\t\t\t<div class=\"elementor-widget-container\">\n\t\t\t\t\t\r\n\t<div class=\"faq-page__left\">\r\n\r\n\t\t<div class=\"accrodion-grp\" data-grp-name=\"faq-one-accrodion\">\r\n\t\t\t\t\t\t\t<div class=\"accrodion active\">\r\n\t\t\t\t\t<div class=\"accrodion-title\">\r\n\t\t\t\t\t\t<h4>\r\n\t\t\t\t\t\t\t<span class=\"accrodion-icon\"><\/span>\r\n\t\t\t\t\t\t\tComment vivre la magie de l'internet ?\t\t\t\t\t\t<\/h4>\r\n\t\t\t\t\t<\/div>\r\n\t\t\t\t\t<div class=\"accrodion-content\">\r\n\t\t\t\t\t\t<div class=\"inner\">\r\n\t\t\t\t\t\t\t<p>Il existe de nombreuses variantes des passages disponibles, mais le texte simplement libre disponible dans la majorit\u00e9 des cas a subi des alt\u00e9rations sous une forme ou une autre.\n\n<\/p>\r\n\t\t\t\t\t\t<\/div><!-- \/.inner -->\r\n\t\t\t\t\t<\/div>\r\n\t\t\t\t<\/div>\r\n\r\n\t\t\t\t\t\t\t<div class=\"accrodion\">\r\n\t\t\t\t\t<div class=\"accrodion-title\">\r\n\t\t\t\t\t\t<h4>\r\n\t\t\t\t\t\t\t<span class=\"accrodion-icon\"><\/span>\r\n\t\t\t\t\t\t\tComment connecter votre t\u00e9l\u00e9phone au r\u00e9seau wifi ?\t\t\t\t\t\t<\/h4>\r\n\t\t\t\t\t<\/div>\r\n\t\t\t\t\t<div class=\"accrodion-content\">\r\n\t\t\t\t\t\t<div class=\"inner\">\r\n\t\t\t\t\t\t\t<p>Il existe de nombreuses variantes des passages disponibles, mais le texte simplement libre disponible dans la majorit\u00e9 des cas a subi des alt\u00e9rations sous une forme ou une autre.\n\n<\/p>\r\n\t\t\t\t\t\t<\/div><!-- \/.inner -->\r\n\t\t\t\t\t<\/div>\r\n\t\t\t\t<\/div>\r\n\r\n\t\t\t\t\t\t\t<div class=\"accrodion\">\r\n\t\t\t\t\t<div class=\"accrodion-title\">\r\n\t\t\t\t\t\t<h4>\r\n\t\t\t\t\t\t\t<span class=\"accrodion-icon\"><\/span>\r\n\t\t\t\t\t\t\tComment regarder des films en ligne ?\t\t\t\t\t\t<\/h4>\r\n\t\t\t\t\t<\/div>\r\n\t\t\t\t\t<div class=\"accrodion-content\">\r\n\t\t\t\t\t\t<div class=\"inner\">\r\n\t\t\t\t\t\t\t<p>Il existe de nombreuses variantes des passages disponibles, mais le texte simplement libre disponible dans la majorit\u00e9 des cas a subi des alt\u00e9rations sous une forme ou une autre.\n\n<\/p>\r\n\t\t\t\t\t\t<\/div><!-- \/.inner -->\r\n\t\t\t\t\t<\/div>\r\n\t\t\t\t<\/div>\r\n\r\n\t\t\t\t\t<\/div>\r\n\t<\/div>\r\n\t\t\t\t<\/div>\n\t\t\t\t<\/div>\n\t\t\t\t\t<\/div>\n\t\t<\/div>\n\t\t\t\t\t<\/div>\n\t\t<\/section>\n\t\t\t\t<\/div>","protected":false},"excerpt":{"rendered":"<p>Satelite TV Fast Internet Broadband All for Mobile TV &#038; Streaming Get high speed internet services Call anytime +88 (9800) &#8211; 6802 Get started now Fast Internet There are many variations of passages of lorem ipsum is simply free text available in the market, but the majority time you put aside to be in our [&hellip;]<\/p>","protected":false},"author":1,"featured_media":0,"parent":0,"menu_order":0,"comment_status":"closed","ping_status":"closed","template":"elementor_header_footer","meta":{"footnotes":""},"class_list":["post-693","page","type-page","status-publish","hentry"],"_links":{"self":[{"href":"https:\/\/rawiptv.com\/fr\/wp-json\/wp\/v2\/pages\/693","targetHints":{"allow":["GET"]}}],"collection":[{"href":"https:\/\/rawiptv.com\/fr\/wp-json\/wp\/v2\/pages"}],"about":[{"href":"https:\/\/rawiptv.com\/fr\/wp-json\/wp\/v2\/types\/page"}],"author":[{"embeddable":true,"href":"https:\/\/rawiptv.com\/fr\/wp-json\/wp\/v2\/users\/1"}],"replies":[{"embeddable":true,"href":"https:\/\/rawiptv.com\/fr\/wp-json\/wp\/v2\/comments?post=693"}],"version-history":[{"count":1,"href":"https:\/\/rawiptv.com\/fr\/wp-json\/wp\/v2\/pages\/693\/revisions"}],"predecessor-version":[{"id":1388,"href":"https:\/\/rawiptv.com\/fr\/wp-json\/wp\/v2\/pages\/693\/revisions\/1388"}],"wp:attachment":[{"href":"https:\/\/rawiptv.com\/fr\/wp-json\/wp\/v2\/media?parent=693"}],"curies":[{"name":"wp","href":"https:\/\/api.w.org\/{rel}","templated":true}]}}