{"id":1733,"date":"2024-06-11T14:31:55","date_gmt":"2024-06-11T13:31:55","guid":{"rendered":"https:\/\/rawiptv.com\/?page_id=1733"},"modified":"2024-06-11T14:37:50","modified_gmt":"2024-06-11T13:37:50","slug":"terms-and-conditions","status":"publish","type":"page","link":"https:\/\/rawiptv.com\/fr\/terms-and-conditions\/","title":{"rendered":"Conditions g\u00e9n\u00e9rales d'utilisation"},"content":{"rendered":"<div data-elementor-type=\"wp-page\" data-elementor-id=\"1733\" class=\"elementor elementor-1733\" data-elementor-post-type=\"page\">\n\t\t\t\t<div class=\"elementor-element elementor-element-becb962 e-con-full e-flex e-con e-parent\" data-id=\"becb962\" data-element_type=\"container\" data-settings=\"{&quot;background_background&quot;:&quot;classic&quot;}\">\n\t\t\t\t<div class=\"elementor-element elementor-element-a75c29f elementor-widget__width-initial elementor-widget-mobile__width-inherit elementor-widget elementor-widget-text-editor\" data-id=\"a75c29f\" data-element_type=\"widget\" data-widget_type=\"text-editor.default\">\n\t\t\t\t<div class=\"elementor-widget-container\">\n\t\t\t\t\t\t\t\t\t<p class=\"p1\"><span class=\"s1\">Ces conditions r\u00e9gissent votre acc\u00e8s et votre utilisation de l'ensemble du contenu, des produits et des services disponibles sur le site rawiptv.com.<\/span><\/p><p class=\"p1\"><span class=\"s1\">Votre acc\u00e8s \u00e0 nos services est soumis \u00e0 votre acceptation, sans modification, de tous les termes et conditions contenus dans le pr\u00e9sent document et de toutes les autres r\u00e8gles et politiques op\u00e9rationnelles publi\u00e9es et pouvant \u00eatre publi\u00e9es de temps \u00e0 autre par nous.<\/span><\/p><p class=\"p1\"><span class=\"s1\">Veuillez lire attentivement l'accord avant d'acc\u00e9der \u00e0 nos services ou de les utiliser. En acc\u00e9dant \u00e0 nos services ou en les utilisant, vous acceptez d'\u00eatre li\u00e9 par ces conditions. Si vous n'acceptez pas une partie des conditions de l'accord, vous ne pouvez pas acc\u00e9der \u00e0 nos services ou les utiliser.<\/span><\/p><p><strong><span style=\"color: #fe9043;\">Propri\u00e9t\u00e9 intellectuelle<\/span><\/strong><\/p><p class=\"p1\"><span class=\"s1\">L'accord ne transf\u00e8re pas de Nous \u00e0 vous notre propri\u00e9t\u00e9 intellectuelle ou celle de tiers, et tous les droits, titres et int\u00e9r\u00eats relatifs \u00e0 cette propri\u00e9t\u00e9 resteront (entre les parties) uniquement \u00e0 RAWIPTV et \u00e0 ses conc\u00e9dants de licence.<\/span><\/p><p><strong><span style=\"color: #fe9043;\">Services de tiers<\/span><\/strong><\/p><p class=\"p1\"><span class=\"s1\">En utilisant les services, vous pouvez utiliser des services, des produits, des logiciels, des \u00e9l\u00e9ments int\u00e9gr\u00e9s ou des applications d\u00e9velopp\u00e9s par des tiers (\"services de tiers\").<\/span><\/p><p class=\"p1\"><span class=\"s1\">Si vous utilisez des services de tiers, vous comprenez que :<\/span><\/p><ul class=\"ul1\"><li class=\"li4\"><span class=\"s1\">Toute utilisation d'un service tiers se fait \u00e0 vos risques et p\u00e9rils, et nous ne sommes pas responsables des sites web ou des services tiers.<\/span><\/li><li class=\"li4\"><span class=\"s1\">Vous reconnaissez et acceptez que nous ne pouvons \u00eatre tenus responsables de tout dommage ou perte caus\u00e9 ou suppos\u00e9 caus\u00e9 par ou en relation avec l'utilisation de ce contenu, de ces biens ou de ces services disponibles sur ou par l'interm\u00e9diaire de ces sites web ou de ces services.<\/span><\/li><\/ul><p><strong><span style=\"color: #fe9043;\">Comptes<\/span><\/strong><\/p><p class=\"p1\"><span class=\"s1\">Lorsque l'utilisation d'une partie de nos services n\u00e9cessite l'ouverture d'un compte, vous acceptez de nous fournir des informations compl\u00e8tes et exactes lorsque vous vous inscrivez pour ouvrir un compte.<\/span><\/p><p class=\"p1\"><span class=\"s1\">Vous serez seul responsable de toute activit\u00e9 effectu\u00e9e sous votre compte. Vous \u00eates responsable de la mise \u00e0 jour des informations relatives \u00e0 votre compte et de la s\u00e9curit\u00e9 de votre mot de passe.<\/span><\/p><p class=\"p1\"><span class=\"s1\">Vous \u00eates responsable du maintien de la s\u00e9curit\u00e9 du compte que vous utilisez pour acc\u00e9der au service. Vous ne devez pas partager ou utiliser abusivement vos identifiants d'acc\u00e8s. Vous devez nous informer imm\u00e9diatement de toute utilisation non autoris\u00e9e de votre compte ou de toute autre violation de la s\u00e9curit\u00e9.<\/span><\/p><p><strong><span style=\"color: #fe9043;\">Cessation d'activit\u00e9<\/span><\/strong><\/p><p class=\"p1\"><span class=\"s1\">Nous pouvons r\u00e9silier ou suspendre votre acc\u00e8s \u00e0 tout ou partie de nos services \u00e0 tout moment, avec ou sans motif, avec ou sans pr\u00e9avis, avec effet imm\u00e9diat.<\/span><\/p><p class=\"p1\"><span class=\"s1\">Si vous souhaitez r\u00e9silier l'accord ou votre compte RAWIPTV, vous pouvez simplement cesser d'utiliser nos services.<\/span><\/p><p class=\"p1\"><span class=\"s1\">Toutes les dispositions de l'accord qui, de par leur nature, doivent survivre \u00e0 la r\u00e9siliation, y compris, sans s'y limiter, les dispositions relatives \u00e0 la propri\u00e9t\u00e9, les exclusions de garantie, l'indemnisation et les limitations de responsabilit\u00e9.<\/span><\/p><p><strong><span style=\"color: #fe9043;\">Clause de non-responsabilit\u00e9<\/span><\/strong><\/p><p class=\"p1\"><span class=\"s1\">Nos services sont fournis \"TELS QUELS\" et \"TELS QUE DISPONIBLES\". RAWIPTV et ses fournisseurs et conc\u00e9dants d\u00e9clinent par la pr\u00e9sente toute garantie de quelque nature que ce soit, expresse ou implicite, y compris, sans limitation, les garanties de qualit\u00e9 marchande, d'ad\u00e9quation \u00e0 un usage particulier et d'absence de contrefa\u00e7on. Ni RAWIPTV ni ses fournisseurs et conc\u00e9dants de licence ne garantissent que nos services seront exempts d'erreurs ou que l'acc\u00e8s \u00e0 ceux-ci sera continu ou ininterrompu. Vous comprenez que vous t\u00e9l\u00e9chargez ou obtenez du contenu ou des services par le biais de nos Services \u00e0 votre propre discr\u00e9tion et \u00e0 vos propres risques.<\/span><\/p><p><strong><span style=\"color: #fe9043;\">Comp\u00e9tence et droit applicable<\/span><\/strong><\/p><p class=\"p1\"><span class=\"s1\">Sauf dans la mesure o\u00f9 une loi applicable en dispose autrement, l'accord et tout acc\u00e8s ou utilisation de nos services seront r\u00e9gis par les lois du Royaume-Uni.<\/span><\/p><p class=\"p1\"><span class=\"s1\">Les tribunaux d'\u00c9tat et f\u00e9d\u00e9raux situ\u00e9s au Royaume-Uni seront le lieu appropri\u00e9 pour tout litige d\u00e9coulant de l'accord ou s'y rapportant, ainsi que de l'acc\u00e8s \u00e0 nos services ou de leur utilisation.<\/span><\/p><p><strong><span style=\"color: #fe9043;\">Changements<\/span><\/strong><\/p><p class=\"p1\"><span class=\"s1\">RAWIPTV se r\u00e9serve le droit, \u00e0 sa seule discr\u00e9tion, de modifier ou de remplacer ces conditions \u00e0 tout moment.<\/span><\/p><p class=\"p1\"><span class=\"s1\">Si nous apportons des modifications importantes, nous vous en informerons en les publiant sur notre site web ou en vous envoyant un courrier \u00e9lectronique ou toute autre communication avant que les modifications n'entrent en vigueur. L'avis indiquera un d\u00e9lai raisonnable apr\u00e8s lequel les nouvelles conditions entreront en vigueur.<\/span><\/p><p class=\"p1\"><span class=\"s1\">Si vous n'\u00eates pas d'accord avec nos changements, vous devez cesser d'utiliser nos services pendant la p\u00e9riode de pr\u00e9avis d\u00e9sign\u00e9e ou une fois que les changements sont entr\u00e9s en vigueur.<\/span><\/p><p class=\"p1\"><span class=\"s1\">Votre utilisation continue de nos services sera soumise aux nouvelles conditions.<\/span><\/p>\t\t\t\t\t\t\t\t<\/div>\n\t\t\t\t<\/div>\n\t\t\t\t<\/div>\n\t\t\t\t<\/div>","protected":false},"excerpt":{"rendered":"<p>Les pr\u00e9sentes conditions r\u00e9gissent votre acc\u00e8s et votre utilisation de l'ensemble du contenu, des produits et des services disponibles sur le site rawiptv.com. Votre acc\u00e8s \u00e0 nos services est soumis \u00e0 votre acceptation, sans modification, de tous les termes et conditions contenus dans le pr\u00e9sent document et de toutes les autres r\u00e8gles et politiques d'exploitation publi\u00e9es et pouvant \u00eatre publi\u00e9es de temps \u00e0 autre [...].<\/p>","protected":false},"author":1,"featured_media":0,"parent":0,"menu_order":0,"comment_status":"closed","ping_status":"closed","template":"elementor_header_footer","meta":{"footnotes":""},"class_list":["post-1733","page","type-page","status-publish","hentry"],"_links":{"self":[{"href":"https:\/\/rawiptv.com\/fr\/wp-json\/wp\/v2\/pages\/1733","targetHints":{"allow":["GET"]}}],"collection":[{"href":"https:\/\/rawiptv.com\/fr\/wp-json\/wp\/v2\/pages"}],"about":[{"href":"https:\/\/rawiptv.com\/fr\/wp-json\/wp\/v2\/types\/page"}],"author":[{"embeddable":true,"href":"https:\/\/rawiptv.com\/fr\/wp-json\/wp\/v2\/users\/1"}],"replies":[{"embeddable":true,"href":"https:\/\/rawiptv.com\/fr\/wp-json\/wp\/v2\/comments?post=1733"}],"version-history":[{"count":7,"href":"https:\/\/rawiptv.com\/fr\/wp-json\/wp\/v2\/pages\/1733\/revisions"}],"predecessor-version":[{"id":1741,"href":"https:\/\/rawiptv.com\/fr\/wp-json\/wp\/v2\/pages\/1733\/revisions\/1741"}],"wp:attachment":[{"href":"https:\/\/rawiptv.com\/fr\/wp-json\/wp\/v2\/media?parent=1733"}],"curies":[{"name":"wp","href":"https:\/\/api.w.org\/{rel}","templated":true}]}}