{"id":50,"date":"2022-10-15T01:43:47","date_gmt":"2022-10-15T01:43:47","guid":{"rendered":"http:\/\/zeinetdemo.local\/?page_id=50"},"modified":"2024-06-11T12:48:48","modified_gmt":"2024-06-11T11:48:48","slug":"about","status":"publish","type":"page","link":"https:\/\/rawiptv.com\/es\/about\/","title":{"rendered":"Acerca de"},"content":{"rendered":"<div data-elementor-type=\"wp-page\" data-elementor-id=\"50\" class=\"elementor elementor-50\" data-elementor-post-type=\"page\">\n\t\t\t\t\t\t<section class=\"elementor-section elementor-top-section elementor-element elementor-element-03eb9a5 elementor-section-full_width elementor-section-height-default elementor-section-height-default\" data-id=\"03eb9a5\" data-element_type=\"section\">\n\t\t\t\t\t\t<div class=\"elementor-container elementor-column-gap-no\">\n\t\t\t\t\t<div class=\"elementor-column elementor-col-100 elementor-top-column elementor-element elementor-element-8aa56b6\" data-id=\"8aa56b6\" data-element_type=\"column\">\n\t\t\t<div class=\"elementor-widget-wrap elementor-element-populated\">\n\t\t\t\t\t\t<div class=\"elementor-element elementor-element-f2cfff2 elementor-widget elementor-widget-zeinet-about\" data-id=\"f2cfff2\" data-element_type=\"widget\" data-widget_type=\"zeinet-about.default\">\n\t\t\t\t<div class=\"elementor-widget-container\">\n\t\t\t\t\t\t<!--About Four Start-->\r\n\t<section class=\"about-four\">\r\n\t\t\t\t\t<div class=\"about-four__bg\" style=\"background-image: url(https:\/\/bracketweb.com\/zeinetwp\/wp-content\/uploads\/2022\/10\/about-1-bg-1.jpg);\"><\/div><!-- \/.about-one__bg -->\r\n\t\t\t\t<div class=\"container\">\r\n\t\t\t<div class=\"row\">\r\n\t\t\t\t<div class=\"col-xl-6\">\r\n\t\t\t\t\t<div class=\"about-four__left\">\r\n\t\t\t\t\t\t<div class=\"about-four__img-box\">\r\n\t\t\t\t\t\t\t\t\t\t\t\t\t\t\t<div class=\"about-four__img-one\">\r\n\t\t\t\t\t\t\t\t\t<img decoding=\"async\" src=\"https:\/\/bracketweb.com\/zeinetwp\/wp-content\/uploads\/2022\/10\/about-four-img-1.jpg\" alt=\"\">\r\n\t\t\t\t\t\t\t\t<\/div>\r\n\t\t\t\t\t\t\t\t\t\t\t\t\t\t\t\t\t\t\t\t\t\t<div class=\"about-four__img-two\">\r\n\t\t\t\t\t\t\t\t\t<img decoding=\"async\" src=\"https:\/\/bracketweb.com\/zeinetwp\/wp-content\/uploads\/2022\/10\/about-four-img-2.jpg\" alt=\"alt\">\r\n\t\t\t\t\t\t\t\t<\/div>\r\n\t\t\t\t\t\t\t\t\t\t\t\t\t\t<div class=\"about-four__border\"><\/div>\r\n\r\n\t\t\t\t\t\t\t\t\t\t\t\t\t\t\t<div class=\"about-four__img-three float-bob-y\">\r\n\t\t\t\t\t\t\t\t\t<img decoding=\"async\" src=\"https:\/\/bracketweb.com\/zeinetwp\/wp-content\/uploads\/2022\/10\/about-four-3-1.png\" alt=\"\">\r\n\t\t\t\t\t\t\t\t<\/div>\r\n\t\t\t\t\t\t\t\t\t\t\t\t\t<\/div>\r\n\t\t\t\t\t<\/div>\r\n\t\t\t\t<\/div>\r\n\t\t\t\t<div class=\"col-xl-6\">\r\n\t\t\t\t\t<div class=\"about-four__right\">\r\n\t\t\t\t\t\t\t\t\t\t\t\t\t<div class=\"section-title text-left\">\r\n\t\t\t\t\t\t\t\t\t\t\t\t\t\t\t\t\t<span class=\"section-title__tagline\">sobre la empresa<\/span>\r\n\t\t\t\t\t\t\t\t\t\t\t\t\t\t\t\t\t\t\t\t\t\t\t\t\t<h2 class=\"section-title__title\">Conozca la empresa Rawiptv<\/h2>\r\n\t\t\t\t\t\t\t\t\t\t\t\t\t\t\t<\/div>\r\n\t\t\t\t\t\t\t\t\t\t\t\t\t\t\t\t\t\t\t<p class=\"about-four__text-1\">Rawiptv es un sitio web especializado en la venta de servicios de televisi\u00f3n por protocolo de Internet (IPTV).\nde Internet (IPTV), una tecnolog\u00eda que permite ofrecer\ntelevisi\u00f3n a trav\u00e9s de Internet.\n\nEstos son algunos de los elementos clave que pueden incluirse en nuestro servicio<\/p>\r\n\t\t\t\t\t\t\t\t\t\t\t\t\t\t\t\t\t\t\t<ul class=\"about-four__points list-unstyled ml-0\">\r\n\t\t\t\t\t\t\t\t\t\t\t\t\t\t\t\t\t<li>\r\n\t\t\t\t\t\t\t\t\t\t<div class=\"icon icon-svg\">\r\n\t\t\t\t\t\t\t\t\t\t\t<i aria-hidden=\"true\" class=\"fa fa-arrow-right\"><\/i>\t\t\t\t\t\t\t\t\t\t<\/div>\r\n\t\t\t\t\t\t\t\t\t\t<div class=\"text\">\r\n\t\t\t\t\t\t\t\t\t\t\t<p>Servicios de m\u00e1xima calidad a un precio razonable<\/p>\r\n\t\t\t\t\t\t\t\t\t\t<\/div>\r\n\t\t\t\t\t\t\t\t\t<\/li>\r\n\t\t\t\t\t\t\t\t\t\t\t\t\t\t\t\t\t<li>\r\n\t\t\t\t\t\t\t\t\t\t<div class=\"icon icon-svg\">\r\n\t\t\t\t\t\t\t\t\t\t\t<i aria-hidden=\"true\" class=\"fa fa-arrow-right\"><\/i>\t\t\t\t\t\t\t\t\t\t<\/div>\r\n\t\t\t\t\t\t\t\t\t\t<div class=\"text\">\r\n\t\t\t\t\t\t\t\t\t\t\t<p>Deportes y programas de TV en directo a velocidad ultrarr\u00e1pida<\/p>\r\n\t\t\t\t\t\t\t\t\t\t<\/div>\r\n\t\t\t\t\t\t\t\t\t<\/li>\r\n\t\t\t\t\t\t\t\t\t\t\t\t\t\t\t\t\t<li>\r\n\t\t\t\t\t\t\t\t\t\t<div class=\"icon icon-svg\">\r\n\t\t\t\t\t\t\t\t\t\t\t<i aria-hidden=\"true\" class=\"fa fa-arrow-right\"><\/i>\t\t\t\t\t\t\t\t\t\t<\/div>\r\n\t\t\t\t\t\t\t\t\t\t<div class=\"text\">\r\n\t\t\t\t\t\t\t\t\t\t\t<p>M\u00e1s de +9500 VOD con actualizaciones diarias<\/p>\r\n\t\t\t\t\t\t\t\t\t\t<\/div>\r\n\t\t\t\t\t\t\t\t\t<\/li>\r\n\t\t\t\t\t\t\t\t\t\t\t\t\t\t\t<\/ul>\r\n\t\t\t\t\t\t\t\t\t\t\t\t\t\t\t\t\t\t\t<div class=\"about-four__btn-box\">\r\n\t\t\t\t\t\t\t\t<a   href=\"https:\/\/rawiptv.com\/es\/#plans\" class=\"thm-btn about-four__btn\">M\u00e1s informaci\u00f3n<\/a>\r\n\t\t\t\t\t\t\t<\/div>\r\n\t\t\t\t\t\t\t\t\t\t\t<\/div>\r\n\t\t\t\t<\/div>\r\n\t\t\t<\/div>\r\n\t\t<\/div>\r\n\t<\/section>\r\n\t<!--About Four End-->\r\n\t\t\t\t<\/div>\n\t\t\t\t<\/div>\n\t\t\t\t\t<\/div>\n\t\t<\/div>\n\t\t\t\t\t<\/div>\n\t\t<\/section>\n\t\t\t\t<section class=\"elementor-section elementor-top-section elementor-element elementor-element-510d70c elementor-section-full_width elementor-section-height-default elementor-section-height-default\" data-id=\"510d70c\" data-element_type=\"section\">\n\t\t\t\t\t\t<div class=\"elementor-container elementor-column-gap-no\">\n\t\t\t\t\t<div class=\"elementor-column elementor-col-100 elementor-top-column elementor-element elementor-element-56363dc\" data-id=\"56363dc\" data-element_type=\"column\">\n\t\t\t<div class=\"elementor-widget-wrap elementor-element-populated\">\n\t\t\t\t\t\t<div class=\"elementor-element elementor-element-39c0207 elementor-widget elementor-widget-zeinet-testimonials\" data-id=\"39c0207\" data-element_type=\"widget\" data-widget_type=\"zeinet-testimonials.default\">\n\t\t\t\t<div class=\"elementor-widget-container\">\n\t\t\t\t\t\r\n\t<!--Testimonial One Start-->\r\n\t<section class=\"testimonial-one\">\r\n\t\t\t\t\t<div class=\"testimonial-one-bg\" style=\"background-image: url(https:\/\/bracketweb.com\/zeinetwp\/wp-content\/uploads\/2022\/10\/testimonial-one-bg.png);\"><\/div>\r\n\t\t\r\n\t\t<div class=\"testimonial-one__circle float-bob-y\"><\/div><!-- \/.testimonial-one__circle -->\r\n\r\n\t\t\t\t\t<div class=\"testimonial-one__m-shape-1\">\r\n\t\t\t\t<img decoding=\"async\" src=\"https:\/\/bracketweb.com\/zeinetwp\/wp-content\/uploads\/2022\/10\/testimonial-two-shape-1-dark.png\" alt=\"\">\r\n\t\t\t<\/div><!-- \/.testimonial-one__shape-1 -->\r\n\t\t\t\t<div class=\"container\">\r\n\t\t\t<div class=\"row\">\r\n\t\t\t\t\t\t\t\t\t<div class=\"col-xl-4\">\r\n\t\t\t\t\t\t<div class=\"testimonial-one__left\">\r\n\t\t\t\t\t\t\t<div class=\"section-title text-left\">\r\n\t\t\t\t\t\t\t\t\t\t\t\t\t\t\t\t\t<span class=\"section-title__tagline\">nuestros comentarios<\/span>\r\n\t\t\t\t\t\t\t\t\t\t\t\t\t\t\t\t\t\t\t\t\t\t\t\t\t<h2 class=\"section-title__title\">De qu\u00e9 hablan Rawiptv<\/h2>\r\n\t\t\t\t\t\t\t\t\t\t\t\t\t\t\t<\/div>\r\n\t\t\t\t\t\t<\/div>\r\n\t\t\t\t\t<\/div>\r\n\t\t\t\t\t\t\t\t<div class=\"col-xl-8\">\r\n\t\t\t\t\t<div class=\"testimonial-one__right\">\r\n\t\t\t\t\t\t<div class=\"testimonial-one__carousel owl-carousel owl-theme thm-owl__carousel\" data-owl-options='        {        &quot;loop&quot;: true,        &quot;margin&quot;: 0,        &quot;items&quot;: 1        ,&quot;nav&quot;: true                    ,&quot;navText&quot;: [            &quot;&lt;i class=\\&quot;  icon-left-arrow\\&quot;&gt;&lt;\/i&gt;&quot;,            &quot;&lt;i class=\\&quot;  icon-right-arrow1\\&quot;&gt;&lt;\/i&gt;&quot;            ]                ,&quot;dots&quot;: false        ,&quot;smartSpeed&quot;: 700                    ,            &quot;responsive&quot;:            {                            &quot;0&quot;: {                &quot;margin&quot;: 0,                &quot;items&quot;: 1                },                            &quot;768&quot;: {                &quot;margin&quot;: 30,                &quot;items&quot;: 2                },                            &quot;992&quot;: {                &quot;margin&quot;: 30,                &quot;items&quot;: 2                },                            &quot;1200&quot;: {                &quot;margin&quot;: 30,                &quot;items&quot;: 2                }                        }                }    '>\r\n\t\t\t\t\t\t\t\t\t\t\t\t\t\t\t\t\t\t\t\t\t\t\t\t<!--Testimonial One Single Start-->\r\n\t\t\t\t\t\t\t\t\t<div class=\"item\">\r\n\t\t\t\t\t\t\t\t\t\t<div class=\"testimonial-one__single\">\r\n\t\t\t\t\t\t\t\t\t\t\t<div class=\"testimonial-one__content\">\r\n\t\t\t\t\t\t\t\t\t\t\t\t\t\t\t\t\t\t\t\t\t\t\t\t\t<div class=\"testimonial-one__single__shape\" style=\"background-image: url(https:\/\/bracketweb.com\/zeinetwp\/wp-content\/uploads\/2022\/10\/testimonials-item-shape-1.png);\"><\/div>\r\n\t\t\t\t\t\t\t\t\t\t\t\t\t\t\t\t\t\t\t\t\t\t\t\t<p class=\"testimonial-one__text\">\"Genial acabo de renovar mi suscripcion de iptv realmente calidad premium y gran servicio al custumer lo recomiendo ampliamente.\"\n<br><br><\/p>\r\n\t\t\t\t\t\t\t\t\t\t\t\t\t\t\t\t\t\t\t\t\t\t\t\t\t<div class=\"testimonial-one__shape-1\" style=\"background-image: url(https:\/\/bracketweb.com\/zeinetwp\/wp-content\/uploads\/2022\/10\/testimonial-one-shape-1-dark.png);\">\r\n\t\t\t\t\t\t\t\t\t\t\t\t\t<\/div>\r\n\t\t\t\t\t\t\t\t\t\t\t\t\t\t\t\t\t\t\t\t\t\t\t\t\t\t\t\t\t\t\t\t\t\t\t\t\t<div class=\"testimonial-one__shape-2\" style=\"background-image: url(https:\/\/bracketweb.com\/zeinetwp\/wp-content\/uploads\/2022\/10\/testimonial-one-shape-2-dark.png);\"><\/div>\r\n\t\t\t\t\t\t\t\t\t\t\t\t\t\t\t\t\t\t\t\t\t\t\t\t<div class=\"testimonial-one__quote icon-svg-large\">\r\n\t\t\t\t\t\t\t\t\t\t\t\t\t<span aria-hidden=\"true\" class=\"icon-quote\"><\/span>\t\t\t\t\t\t\t\t\t\t\t\t<\/div>\r\n\t\t\t\t\t\t\t\t\t\t\t<\/div>\r\n\t\t\t\t\t\t\t\t\t\t\t<div class=\"testimonial-one__client-info\">\r\n\t\t\t\t\t\t\t\t\t\t\t\t\t\t\t\t\t\t\t\t\t\t\t\t<div class=\"testimonial-one__client-content\">\r\n\t\t\t\t\t\t\t\t\t\t\t\t\t<h4 class=\"testimonial-one__client-name\">Kevin M<\/h4>\r\n\t\t\t\t\t\t\t\t\t\t\t\t\t<p class=\"testimonial-one__client-sub-title\">Cliente<\/p>\r\n\t\t\t\t\t\t\t\t\t\t\t\t<\/div>\r\n\t\t\t\t\t\t\t\t\t\t\t<\/div>\r\n\t\t\t\t\t\t\t\t\t\t<\/div>\r\n\t\t\t\t\t\t\t\t\t<\/div>\r\n\t\t\t\t\t\t\t\t\t<!--Testimonial One Single End-->\r\n\t\t\t\t\t\t\t\t\t\t\t\t\t\t\t\t\t<!--Testimonial One Single Start-->\r\n\t\t\t\t\t\t\t\t\t<div class=\"item\">\r\n\t\t\t\t\t\t\t\t\t\t<div class=\"testimonial-one__single\">\r\n\t\t\t\t\t\t\t\t\t\t\t<div class=\"testimonial-one__content\">\r\n\t\t\t\t\t\t\t\t\t\t\t\t\t\t\t\t\t\t\t\t\t\t\t\t\t<div class=\"testimonial-one__single__shape\" style=\"background-image: url(https:\/\/bracketweb.com\/zeinetwp\/wp-content\/uploads\/2022\/10\/testimonials-item-shape-1.png);\"><\/div>\r\n\t\t\t\t\t\t\t\t\t\t\t\t\t\t\t\t\t\t\t\t\t\t\t\t<p class=\"testimonial-one__text\">\"Entre Netflix, HBO, Amazon Prime y los caros canales de deportes, \u00a1mi factura mensual era un dolor! Ahora tengo todo lo que quiero a un precio m\u00e1s bajo\".<\/p>\r\n\t\t\t\t\t\t\t\t\t\t\t\t\t\t\t\t\t\t\t\t\t\t\t\t\t<div class=\"testimonial-one__shape-1\" style=\"background-image: url(https:\/\/bracketweb.com\/zeinetwp\/wp-content\/uploads\/2022\/10\/testimonial-one-shape-1-dark.png);\">\r\n\t\t\t\t\t\t\t\t\t\t\t\t\t<\/div>\r\n\t\t\t\t\t\t\t\t\t\t\t\t\t\t\t\t\t\t\t\t\t\t\t\t\t\t\t\t\t\t\t\t\t\t\t\t\t<div class=\"testimonial-one__shape-2\" style=\"background-image: url(https:\/\/bracketweb.com\/zeinetwp\/wp-content\/uploads\/2022\/10\/testimonial-one-shape-2-dark.png);\"><\/div>\r\n\t\t\t\t\t\t\t\t\t\t\t\t\t\t\t\t\t\t\t\t\t\t\t\t<div class=\"testimonial-one__quote icon-svg-large\">\r\n\t\t\t\t\t\t\t\t\t\t\t\t\t<span aria-hidden=\"true\" class=\"icon-quote\"><\/span>\t\t\t\t\t\t\t\t\t\t\t\t<\/div>\r\n\t\t\t\t\t\t\t\t\t\t\t<\/div>\r\n\t\t\t\t\t\t\t\t\t\t\t<div class=\"testimonial-one__client-info\">\r\n\t\t\t\t\t\t\t\t\t\t\t\t\t\t\t\t\t\t\t\t\t\t\t\t<div class=\"testimonial-one__client-content\">\r\n\t\t\t\t\t\t\t\t\t\t\t\t\t<h4 class=\"testimonial-one__client-name\">Sarah A<\/h4>\r\n\t\t\t\t\t\t\t\t\t\t\t\t\t<p class=\"testimonial-one__client-sub-title\">Cliente<\/p>\r\n\t\t\t\t\t\t\t\t\t\t\t\t<\/div>\r\n\t\t\t\t\t\t\t\t\t\t\t<\/div>\r\n\t\t\t\t\t\t\t\t\t\t<\/div>\r\n\t\t\t\t\t\t\t\t\t<\/div>\r\n\t\t\t\t\t\t\t\t\t<!--Testimonial One Single End-->\r\n\t\t\t\t\t\t\t\t\t\t\t\t\t\t\t\t\t<!--Testimonial One Single Start-->\r\n\t\t\t\t\t\t\t\t\t<div class=\"item\">\r\n\t\t\t\t\t\t\t\t\t\t<div class=\"testimonial-one__single\">\r\n\t\t\t\t\t\t\t\t\t\t\t<div class=\"testimonial-one__content\">\r\n\t\t\t\t\t\t\t\t\t\t\t\t\t\t\t\t\t\t\t\t\t\t\t\t\t<div class=\"testimonial-one__single__shape\" style=\"background-image: url(https:\/\/bracketweb.com\/zeinetwp\/wp-content\/uploads\/2022\/10\/testimonials-item-shape-1.png);\"><\/div>\r\n\t\t\t\t\t\t\t\t\t\t\t\t\t\t\t\t\t\t\t\t\t\t\t\t<p class=\"testimonial-one__text\">\"He comprado tres planes en este sitio\npor ahora no hay ning\u00fan problema, la calidad de los canales es buena, y el servicio es incre\u00edble \"\n<br><br><\/p>\r\n\t\t\t\t\t\t\t\t\t\t\t\t\t\t\t\t\t\t\t\t\t\t\t\t\t<div class=\"testimonial-one__shape-1\" style=\"background-image: url(https:\/\/bracketweb.com\/zeinetwp\/wp-content\/uploads\/2022\/10\/testimonial-one-shape-1-dark.png);\">\r\n\t\t\t\t\t\t\t\t\t\t\t\t\t<\/div>\r\n\t\t\t\t\t\t\t\t\t\t\t\t\t\t\t\t\t\t\t\t\t\t\t\t\t\t\t\t\t\t\t\t\t\t\t\t\t<div class=\"testimonial-one__shape-2\" style=\"background-image: url(https:\/\/bracketweb.com\/zeinetwp\/wp-content\/uploads\/2022\/10\/testimonial-one-shape-2-dark.png);\"><\/div>\r\n\t\t\t\t\t\t\t\t\t\t\t\t\t\t\t\t\t\t\t\t\t\t\t\t<div class=\"testimonial-one__quote icon-svg-large\">\r\n\t\t\t\t\t\t\t\t\t\t\t\t\t<span aria-hidden=\"true\" class=\"icon-quote\"><\/span>\t\t\t\t\t\t\t\t\t\t\t\t<\/div>\r\n\t\t\t\t\t\t\t\t\t\t\t<\/div>\r\n\t\t\t\t\t\t\t\t\t\t\t<div class=\"testimonial-one__client-info\">\r\n\t\t\t\t\t\t\t\t\t\t\t\t\t\t\t\t\t\t\t\t\t\t\t\t<div class=\"testimonial-one__client-content\">\r\n\t\t\t\t\t\t\t\t\t\t\t\t\t<h4 class=\"testimonial-one__client-name\">Idriss R<\/h4>\r\n\t\t\t\t\t\t\t\t\t\t\t\t\t<p class=\"testimonial-one__client-sub-title\">Cliente<\/p>\r\n\t\t\t\t\t\t\t\t\t\t\t\t<\/div>\r\n\t\t\t\t\t\t\t\t\t\t\t<\/div>\r\n\t\t\t\t\t\t\t\t\t\t<\/div>\r\n\t\t\t\t\t\t\t\t\t<\/div>\r\n\t\t\t\t\t\t\t\t\t<!--Testimonial One Single End-->\r\n\t\t\t\t\t\t\t\t\t\t\t\t\t\t\t\t\t<!--Testimonial One Single Start-->\r\n\t\t\t\t\t\t\t\t\t<div class=\"item\">\r\n\t\t\t\t\t\t\t\t\t\t<div class=\"testimonial-one__single\">\r\n\t\t\t\t\t\t\t\t\t\t\t<div class=\"testimonial-one__content\">\r\n\t\t\t\t\t\t\t\t\t\t\t\t\t\t\t\t\t\t\t\t\t\t\t\t\t<div class=\"testimonial-one__single__shape\" style=\"background-image: url(https:\/\/bracketweb.com\/zeinetwp\/wp-content\/uploads\/2022\/10\/testimonials-item-shape-1.png);\"><\/div>\r\n\t\t\t\t\t\t\t\t\t\t\t\t\t\t\t\t\t\t\t\t\t\t\t\t<p class=\"testimonial-one__text\">\"Todo funciona perfectamente incluso encontr\u00e9 el\nramo caribe\u00f1o que necesito, estoy muy\nsatisfecho.\nMuchas gracias por vuestro apoyo\".\n<br><br><\/p>\r\n\t\t\t\t\t\t\t\t\t\t\t\t\t\t\t\t\t\t\t\t\t\t\t\t\t<div class=\"testimonial-one__shape-1\" style=\"background-image: url(https:\/\/bracketweb.com\/zeinetwp\/wp-content\/uploads\/2022\/10\/testimonial-one-shape-1-dark.png);\">\r\n\t\t\t\t\t\t\t\t\t\t\t\t\t<\/div>\r\n\t\t\t\t\t\t\t\t\t\t\t\t\t\t\t\t\t\t\t\t\t\t\t\t\t\t\t\t\t\t\t\t\t\t\t\t\t<div class=\"testimonial-one__shape-2\" style=\"background-image: url(https:\/\/bracketweb.com\/zeinetwp\/wp-content\/uploads\/2022\/10\/testimonial-one-shape-2-dark.png);\"><\/div>\r\n\t\t\t\t\t\t\t\t\t\t\t\t\t\t\t\t\t\t\t\t\t\t\t\t<div class=\"testimonial-one__quote icon-svg-large\">\r\n\t\t\t\t\t\t\t\t\t\t\t\t\t<span aria-hidden=\"true\" class=\"icon-quote\"><\/span>\t\t\t\t\t\t\t\t\t\t\t\t<\/div>\r\n\t\t\t\t\t\t\t\t\t\t\t<\/div>\r\n\t\t\t\t\t\t\t\t\t\t\t<div class=\"testimonial-one__client-info\">\r\n\t\t\t\t\t\t\t\t\t\t\t\t\t\t\t\t\t\t\t\t\t\t\t\t<div class=\"testimonial-one__client-content\">\r\n\t\t\t\t\t\t\t\t\t\t\t\t\t<h4 class=\"testimonial-one__client-name\">Diego B<\/h4>\r\n\t\t\t\t\t\t\t\t\t\t\t\t\t<p class=\"testimonial-one__client-sub-title\">Cliente<\/p>\r\n\t\t\t\t\t\t\t\t\t\t\t\t<\/div>\r\n\t\t\t\t\t\t\t\t\t\t\t<\/div>\r\n\t\t\t\t\t\t\t\t\t\t<\/div>\r\n\t\t\t\t\t\t\t\t\t<\/div>\r\n\t\t\t\t\t\t\t\t\t<!--Testimonial One Single End-->\r\n\t\t\t\t\t\t\t\t\t\t\t\t\t\t\t\t\t<!--Testimonial One Single Start-->\r\n\t\t\t\t\t\t\t\t\t<div class=\"item\">\r\n\t\t\t\t\t\t\t\t\t\t<div class=\"testimonial-one__single\">\r\n\t\t\t\t\t\t\t\t\t\t\t<div class=\"testimonial-one__content\">\r\n\t\t\t\t\t\t\t\t\t\t\t\t\t\t\t\t\t\t\t\t\t\t\t\t\t<div class=\"testimonial-one__single__shape\" style=\"background-image: url(https:\/\/bracketweb.com\/zeinetwp\/wp-content\/uploads\/2022\/10\/testimonials-item-shape-1.png);\"><\/div>\r\n\t\t\t\t\t\t\t\t\t\t\t\t\t\t\t\t\t\t\t\t\t\t\t\t<p class=\"testimonial-one__text\">\"Gran servicio de iptv. Los canales son de muy buena calidad y la atenci\u00f3n al cliente es Genial. <br>\nLo recomiendo encarecidamente\". \n<br><br>\n\n\n<\/p>\r\n\t\t\t\t\t\t\t\t\t\t\t\t\t\t\t\t\t\t\t\t\t\t\t\t\t<div class=\"testimonial-one__shape-1\" style=\"background-image: url(https:\/\/bracketweb.com\/zeinetwp\/wp-content\/uploads\/2022\/10\/testimonial-one-shape-1-dark.png);\">\r\n\t\t\t\t\t\t\t\t\t\t\t\t\t<\/div>\r\n\t\t\t\t\t\t\t\t\t\t\t\t\t\t\t\t\t\t\t\t\t\t\t\t\t\t\t\t\t\t\t\t\t\t\t\t\t<div class=\"testimonial-one__shape-2\" style=\"background-image: url(https:\/\/bracketweb.com\/zeinetwp\/wp-content\/uploads\/2022\/10\/testimonial-one-shape-2-dark.png);\"><\/div>\r\n\t\t\t\t\t\t\t\t\t\t\t\t\t\t\t\t\t\t\t\t\t\t\t\t<div class=\"testimonial-one__quote icon-svg-large\">\r\n\t\t\t\t\t\t\t\t\t\t\t\t\t<span aria-hidden=\"true\" class=\"icon-quote\"><\/span>\t\t\t\t\t\t\t\t\t\t\t\t<\/div>\r\n\t\t\t\t\t\t\t\t\t\t\t<\/div>\r\n\t\t\t\t\t\t\t\t\t\t\t<div class=\"testimonial-one__client-info\">\r\n\t\t\t\t\t\t\t\t\t\t\t\t\t\t\t\t\t\t\t\t\t\t\t\t<div class=\"testimonial-one__client-content\">\r\n\t\t\t\t\t\t\t\t\t\t\t\t\t<h4 class=\"testimonial-one__client-name\">Isabella L<\/h4>\r\n\t\t\t\t\t\t\t\t\t\t\t\t\t<p class=\"testimonial-one__client-sub-title\">Cliente<\/p>\r\n\t\t\t\t\t\t\t\t\t\t\t\t<\/div>\r\n\t\t\t\t\t\t\t\t\t\t\t<\/div>\r\n\t\t\t\t\t\t\t\t\t\t<\/div>\r\n\t\t\t\t\t\t\t\t\t<\/div>\r\n\t\t\t\t\t\t\t\t\t<!--Testimonial One Single End-->\r\n\t\t\t\t\t\t\t\t\t\t\t\t\t\t\t\t\t\t\t\t\t<\/div>\r\n\t\t\t\t\t<\/div>\r\n\t\t\t\t<\/div>\r\n\t\t\t<\/div>\r\n\t\t<\/div>\r\n\t<\/section>\r\n\t<!--Testimonial One End-->\r\n\r\n\t\t\t\t<\/div>\n\t\t\t\t<\/div>\n\t\t\t\t\t<\/div>\n\t\t<\/div>\n\t\t\t\t\t<\/div>\n\t\t<\/section>\n\t\t\t\t<section class=\"elementor-section elementor-top-section elementor-element elementor-element-61bf9cf elementor-section-full_width elementor-section-height-default elementor-section-height-default\" data-id=\"61bf9cf\" data-element_type=\"section\">\n\t\t\t\t\t\t<div class=\"elementor-container elementor-column-gap-no\">\n\t\t\t\t\t<div class=\"elementor-column elementor-col-100 elementor-top-column elementor-element elementor-element-6be133d0\" data-id=\"6be133d0\" data-element_type=\"column\">\n\t\t\t<div class=\"elementor-widget-wrap elementor-element-populated\">\n\t\t\t\t\t\t<div class=\"elementor-element elementor-element-790bb3f elementor-widget elementor-widget-zeinet-call-to-action\" data-id=\"790bb3f\" data-element_type=\"widget\" data-widget_type=\"zeinet-call-to-action.default\">\n\t\t\t\t<div class=\"elementor-widget-container\">\n\t\t\t\t\t    <!--Free Access Start-->\r\n    <section class=\"free-access\">\r\n                    <div class=\"free-access-bg jarallax\" data-jarallax data-speed=\"0.2\" data-imgposition=\"50% 0%\" style=\"background-image: url(https:\/\/bracketweb.com\/zeinetwp\/wp-content\/uploads\/2022\/10\/free-access-bg.jpg);\"><\/div>\r\n                            <div class=\"free-access-shape-1 float-bob-x\">\r\n                <img decoding=\"async\" src=\"https:\/\/bracketweb.com\/zeinetwp\/wp-content\/uploads\/2022\/10\/free-access-shape-1.png\" alt=\"alt\">\r\n            <\/div>\r\n                            <div class=\"free-access-shape-2\">\r\n                <img decoding=\"async\" src=\"https:\/\/bracketweb.com\/zeinetwp\/wp-content\/uploads\/2022\/10\/free-access-shape-2.png\" alt=\"alt\">\r\n            <\/div>\r\n                            <div class=\"free-access-shape-3\">\r\n                <img decoding=\"async\" src=\"https:\/\/bracketweb.com\/zeinetwp\/wp-content\/uploads\/2022\/10\/free-access-shape-3.png\" alt=\"alt\">\r\n            <\/div>\r\n                <div class=\"container\">\r\n            <div class=\"free-access__inner\">\r\n                                    <h2 class=\"free-access__title\">Visite <span>7 d\u00edas<\/span> acceso gratuito a <br> Pel\u00edculas y programas de TV ilimitados<\/h2>\r\n                                                    <div class=\"free-access__btn-box\">\r\n                        <a   href=\"https:\/\/bracketweb.com\/zeinetwp\/contact\/\" class=\"thm-btn free-access__btn\">\r\n                            Empezar ahora                        <\/a>\r\n                    <\/div>\r\n                            <\/div>\r\n        <\/div>\r\n    <\/section>\r\n    <!--Free Access End-->\r\n\r\n\t\t\t\t<\/div>\n\t\t\t\t<\/div>\n\t\t\t\t\t<\/div>\n\t\t<\/div>\n\t\t\t\t\t<\/div>\n\t\t<\/section>\n\t\t\t\t<section class=\"elementor-section elementor-top-section elementor-element elementor-element-224deb9d elementor-section-full_width elementor-section-height-default elementor-section-height-default\" data-id=\"224deb9d\" data-element_type=\"section\">\n\t\t\t\t\t\t<div class=\"elementor-container elementor-column-gap-no\">\n\t\t\t\t\t<div class=\"elementor-column elementor-col-100 elementor-top-column elementor-element elementor-element-7a655057\" data-id=\"7a655057\" data-element_type=\"column\">\n\t\t\t<div class=\"elementor-widget-wrap elementor-element-populated\">\n\t\t\t\t\t\t<div class=\"elementor-element elementor-element-48e84ffa elementor-widget elementor-widget-zeinet-funfact\" data-id=\"48e84ffa\" data-element_type=\"widget\" data-widget_type=\"zeinet-funfact.default\">\n\t\t\t\t<div class=\"elementor-widget-container\">\n\t\t\t\t\t\t<!--Counter One Start-->\r\n\t<section class=\"counter-one\">\r\n\t\t<div class=\"container\">\r\n\t\t\t<div class=\"counter-one__inner\">\r\n\t\t\t\t\t\t\t\t\t<ul class=\"list-unstyled counter-one__list ml-0\">\r\n\t\t\t\t\t\t\t\t\t\t\t\t\t<li class=\"counter-one__single\">\r\n\t\t\t\t\t\t\t\t<div class=\"counter-one__count-box\">\r\n\t\t\t\t\t\t\t\t\t<h3 class=\"count-box\">\r\n\t\t\t\t\t\t\t\t\t\t<span class=\"count-text\" data-speed=\"1500\" data-stop=\"6\"><\/span>\r\n\t\t\t\t\t\t\t\t\t<\/h3>\r\n\t\t\t\t\t\t\t\t<\/div>\r\n\t\t\t\t\t\t\t\t<p class=\"counter-one__text\">A\u00f1os de <br> Experiencia<\/p>\r\n\t\t\t\t\t\t\t<\/li>\r\n\t\t\t\t\t\t\t\t\t\t\t\t\t<li class=\"counter-one__single\">\r\n\t\t\t\t\t\t\t\t<div class=\"counter-one__count-box\">\r\n\t\t\t\t\t\t\t\t\t<h3 class=\"count-box\">\r\n\t\t\t\t\t\t\t\t\t\t<span class=\"count-text\" data-speed=\"1500\" data-stop=\"17615\"><\/span>\r\n\t\t\t\t\t\t\t\t\t<\/h3>\r\n\t\t\t\t\t\t\t\t<\/div>\r\n\t\t\t\t\t\t\t\t<p class=\"counter-one__text\">En l\u00ednea <br> Canales<\/p>\r\n\t\t\t\t\t\t\t<\/li>\r\n\t\t\t\t\t\t\t\t\t\t\t\t\t<li class=\"counter-one__single\">\r\n\t\t\t\t\t\t\t\t<div class=\"counter-one__count-box\">\r\n\t\t\t\t\t\t\t\t\t<h3 class=\"count-box\">\r\n\t\t\t\t\t\t\t\t\t\t<span class=\"count-text\" data-speed=\"1500\" data-stop=\"102235\"><\/span>\r\n\t\t\t\t\t\t\t\t\t<\/h3>\r\n\t\t\t\t\t\t\t\t<\/div>\r\n\t\t\t\t\t\t\t\t<p class=\"counter-one__text\">\u00daltima <br> Pel\u00edculas<\/p>\r\n\t\t\t\t\t\t\t<\/li>\r\n\t\t\t\t\t\t\t\t\t\t\t\t\t<li class=\"counter-one__single\">\r\n\t\t\t\t\t\t\t\t<div class=\"counter-one__count-box\">\r\n\t\t\t\t\t\t\t\t\t<h3 class=\"count-box\">\r\n\t\t\t\t\t\t\t\t\t\t<span class=\"count-text\" data-speed=\"1500\" data-stop=\"18307\"><\/span>\r\n\t\t\t\t\t\t\t\t\t<\/h3>\r\n\t\t\t\t\t\t\t\t<\/div>\r\n\t\t\t\t\t\t\t\t<p class=\"counter-one__text\">\u00daltima <br> Serie<\/p>\r\n\t\t\t\t\t\t\t<\/li>\r\n\t\t\t\t\t\t\t\t\t\t\t<\/ul>\r\n\t\t\t\t\t\t\t<\/div>\r\n\t\t<\/div>\r\n\t<\/section>\r\n\t<!--Counter One End-->\r\n\t\t\t\t<\/div>\n\t\t\t\t<\/div>\n\t\t\t\t\t<\/div>\n\t\t<\/div>\n\t\t\t\t\t<\/div>\n\t\t<\/section>\n\t\t\t\t<\/div>","protected":false},"excerpt":{"rendered":"<p>acerca de la empresa Conozca la empresa Rawiptv Rawiptv es un sitio web especializado en la venta de servicios de televisi\u00f3n por protocolo de Internet (IPTV), que es una tecnolog\u00eda que permite ofrecer programaci\u00f3n de televisi\u00f3n a trav\u00e9s de Internet. Estos son algunos de los elementos clave que pueden incluirse en nuestro servicio Servicios de primera calidad a un precio razonable Deportes en directo [...]<\/p>","protected":false},"author":1,"featured_media":0,"parent":0,"menu_order":0,"comment_status":"closed","ping_status":"closed","template":"elementor_header_footer","meta":{"footnotes":""},"class_list":["post-50","page","type-page","status-publish","hentry"],"_links":{"self":[{"href":"https:\/\/rawiptv.com\/es\/wp-json\/wp\/v2\/pages\/50","targetHints":{"allow":["GET"]}}],"collection":[{"href":"https:\/\/rawiptv.com\/es\/wp-json\/wp\/v2\/pages"}],"about":[{"href":"https:\/\/rawiptv.com\/es\/wp-json\/wp\/v2\/types\/page"}],"author":[{"embeddable":true,"href":"https:\/\/rawiptv.com\/es\/wp-json\/wp\/v2\/users\/1"}],"replies":[{"embeddable":true,"href":"https:\/\/rawiptv.com\/es\/wp-json\/wp\/v2\/comments?post=50"}],"version-history":[{"count":10,"href":"https:\/\/rawiptv.com\/es\/wp-json\/wp\/v2\/pages\/50\/revisions"}],"predecessor-version":[{"id":1684,"href":"https:\/\/rawiptv.com\/es\/wp-json\/wp\/v2\/pages\/50\/revisions\/1684"}],"wp:attachment":[{"href":"https:\/\/rawiptv.com\/es\/wp-json\/wp\/v2\/media?parent=50"}],"curies":[{"name":"wp","href":"https:\/\/api.w.org\/{rel}","templated":true}]}}