{"id":1733,"date":"2024-06-11T14:31:55","date_gmt":"2024-06-11T13:31:55","guid":{"rendered":"https:\/\/rawiptv.com\/?page_id=1733"},"modified":"2024-06-11T14:37:50","modified_gmt":"2024-06-11T13:37:50","slug":"terms-and-conditions","status":"publish","type":"page","link":"https:\/\/rawiptv.com\/es\/terms-and-conditions\/","title":{"rendered":"Condiciones generales"},"content":{"rendered":"<div data-elementor-type=\"wp-page\" data-elementor-id=\"1733\" class=\"elementor elementor-1733\" data-elementor-post-type=\"page\">\n\t\t\t\t<div class=\"elementor-element elementor-element-becb962 e-con-full e-flex e-con e-parent\" data-id=\"becb962\" data-element_type=\"container\" data-settings=\"{&quot;background_background&quot;:&quot;classic&quot;}\">\n\t\t\t\t<div class=\"elementor-element elementor-element-a75c29f elementor-widget__width-initial elementor-widget-mobile__width-inherit elementor-widget elementor-widget-text-editor\" data-id=\"a75c29f\" data-element_type=\"widget\" data-widget_type=\"text-editor.default\">\n\t\t\t\t<div class=\"elementor-widget-container\">\n\t\t\t\t\t\t\t\t\t<p class=\"p1\"><span class=\"s1\">Estas Condiciones rigen su acceso y uso de todos los contenidos, Productos y Servicios disponibles en el sitio web rawiptv.com.<\/span><\/p><p class=\"p1\"><span class=\"s1\">Su acceso a nuestros servicios est\u00e1 sujeto a su aceptaci\u00f3n, sin modificaci\u00f3n alguna, de todos los t\u00e9rminos y condiciones aqu\u00ed contenidos y de todas las dem\u00e1s normas y pol\u00edticas de funcionamiento publicadas y que podamos publicar peri\u00f3dicamente.<\/span><\/p><p class=\"p1\"><span class=\"s1\">Por favor, lea atentamente el Acuerdo antes de acceder o utilizar nuestros Servicios. Al acceder o utilizar cualquier parte de nuestros Servicios, usted acepta quedar vinculado por estas Condiciones. Si no est\u00e1 de acuerdo con alguna parte de los t\u00e9rminos del Acuerdo, no podr\u00e1 acceder ni utilizar nuestros Servicios.<\/span><\/p><p><strong><span style=\"color: #fe9043;\">Propiedad intelectual<\/span><\/strong><\/p><p class=\"p1\"><span class=\"s1\">El Acuerdo no transfiere de Nosotros a usted ninguna propiedad intelectual nuestra o de terceros, y todos los derechos, t\u00edtulos e intereses sobre y para dicha propiedad permanecer\u00e1n (entre las partes) \u00fanicamente con RAWIPTV y sus licenciantes.<\/span><\/p><p><strong><span style=\"color: #fe9043;\">Servicios de terceros<\/span><\/strong><\/p><p class=\"p1\"><span class=\"s1\">Al utilizar los Servicios, puede utilizar servicios, productos, software, incrustaciones o aplicaciones de terceros desarrollados por terceros (\"Servicios de terceros\").<\/span><\/p><p class=\"p1\"><span class=\"s1\">Si utiliza cualquier Servicio de Terceros, usted entiende que:<\/span><\/p><ul class=\"ul1\"><li class=\"li4\"><span class=\"s1\">Cualquier uso de un Servicio de Terceros corre por su cuenta y riesgo, y no seremos responsables ante nadie por los sitios web o Servicios de Terceros.<\/span><\/li><li class=\"li4\"><span class=\"s1\">Usted reconoce y acepta que no seremos responsables de cualquier da\u00f1o o p\u00e9rdida causada o supuestamente causada por o en conexi\u00f3n con el uso de cualquier contenido, bienes o servicios disponibles en o a trav\u00e9s de cualquiera de dichos sitios web o servicios.<\/span><\/li><\/ul><p><strong><span style=\"color: #fe9043;\">Cuentas<\/span><\/strong><\/p><p class=\"p1\"><span class=\"s1\">Cuando el uso de cualquier parte de nuestros Servicios requiera una cuenta, usted se compromete a proporcionarnos informaci\u00f3n completa y precisa cuando se registre para obtener una cuenta.<\/span><\/p><p class=\"p1\"><span class=\"s1\">Usted ser\u00e1 el \u00fanico responsable de cualquier actividad que se produzca en su cuenta. Usted es responsable de mantener actualizada la informaci\u00f3n de su cuenta y de mantener segura su contrase\u00f1a.<\/span><\/p><p class=\"p1\"><span class=\"s1\">Usted es responsable de mantener la seguridad de la cuenta que utiliza para acceder al Servicio. No compartir\u00e1 ni utilizar\u00e1 indebidamente sus credenciales de acceso. Deber\u00e1 notificarnos inmediatamente cualquier uso no autorizado de su cuenta o cuando tenga conocimiento de cualquier otra violaci\u00f3n de la seguridad.<\/span><\/p><p><strong><span style=\"color: #fe9043;\">Terminaci\u00f3n<\/span><\/strong><\/p><p class=\"p1\"><span class=\"s1\">Podemos terminar o suspender su acceso a todos o parte de nuestros Servicios en cualquier momento, con o sin causa, con o sin previo aviso, con efecto inmediato.<\/span><\/p><p class=\"p1\"><span class=\"s1\">Si desea rescindir el Acuerdo o su cuenta de RAWIPTV, puede simplemente dejar de utilizar nuestros Servicios.<\/span><\/p><p class=\"p1\"><span class=\"s1\">Todas las disposiciones del Contrato que, por su naturaleza, deban seguir vigentes tras la rescisi\u00f3n, seguir\u00e1n vigentes tras la rescisi\u00f3n, incluidas, entre otras, las disposiciones sobre propiedad, exclusi\u00f3n de garant\u00edas, indemnizaciones y limitaciones de responsabilidad.<\/span><\/p><p><strong><span style=\"color: #fe9043;\">Descargo de responsabilidad<\/span><\/strong><\/p><p class=\"p1\"><span class=\"s1\">Nuestros Servicios se proporcionan \"TAL CUAL\" y \"SEG\u00daN DISPONIBILIDAD\". RAWIPTV y sus proveedores y licenciantes renuncian por la presente a todas las garant\u00edas de cualquier tipo, expresas o impl\u00edcitas, incluyendo, sin limitaci\u00f3n, las garant\u00edas de comerciabilidad, idoneidad para un prop\u00f3sito particular y no infracci\u00f3n. Ni RAWIPTV ni sus proveedores y licenciantes garantizan que nuestros Servicios est\u00e9n libres de errores o que el acceso a los mismos sea continuo o ininterrumpido. Usted entiende que descarga u obtiene contenidos o servicios a trav\u00e9s de nuestros Servicios bajo su propia discreci\u00f3n y riesgo.<\/span><\/p><p><strong><span style=\"color: #fe9043;\">Jurisdicci\u00f3n y ley aplicable<\/span><\/strong><\/p><p class=\"p1\"><span class=\"s1\">Salvo en la medida en que la legislaci\u00f3n aplicable disponga lo contrario, el Contrato y cualquier acceso o uso de nuestros Servicios se regir\u00e1n por la legislaci\u00f3n del Reino Unido.<\/span><\/p><p class=\"p1\"><span class=\"s1\">El lugar adecuado para cualquier disputa que surja de o est\u00e9 relacionada con el Acuerdo y cualquier acceso o uso de nuestros Servicios ser\u00e1n los tribunales estatales y federales ubicados en el Reino Unido.<\/span><\/p><p><strong><span style=\"color: #fe9043;\">Cambios<\/span><\/strong><\/p><p class=\"p1\"><span class=\"s1\">RAWIPTV se reserva el derecho, a su entera discreci\u00f3n, de modificar o sustituir estas Condiciones en cualquier momento.<\/span><\/p><p class=\"p1\"><span class=\"s1\">Si introducimos cambios sustanciales, se lo haremos saber public\u00e1ndolos en nuestro sitio web o envi\u00e1ndole un correo electr\u00f3nico u otro tipo de comunicaci\u00f3n antes de que los cambios entren en vigor. En la notificaci\u00f3n se indicar\u00e1 un plazo razonable tras el cual entrar\u00e1n en vigor las nuevas condiciones.<\/span><\/p><p class=\"p1\"><span class=\"s1\">Si no est\u00e1 de acuerdo con nuestros cambios, deber\u00e1 dejar de utilizar nuestros Servicios dentro del plazo de notificaci\u00f3n designado, o una vez que los cambios entren en vigor.<\/span><\/p><p class=\"p1\"><span class=\"s1\">Su uso continuado de nuestros Servicios estar\u00e1 sujeto a los nuevos t\u00e9rminos.<\/span><\/p>\t\t\t\t\t\t\t\t<\/div>\n\t\t\t\t<\/div>\n\t\t\t\t<\/div>\n\t\t\t\t<\/div>","protected":false},"excerpt":{"rendered":"<p>Estas Condiciones rigen su acceso y uso de todos los contenidos, Productos y Servicios disponibles en el sitio web rawiptv.com. Su acceso a nuestros servicios est\u00e1 sujeto a su aceptaci\u00f3n, sin modificaci\u00f3n, de todos los t\u00e9rminos y condiciones contenidos en este documento y todas las dem\u00e1s normas de funcionamiento y pol\u00edticas publicadas y que pueden ser publicados de vez en [...].<\/p>","protected":false},"author":1,"featured_media":0,"parent":0,"menu_order":0,"comment_status":"closed","ping_status":"closed","template":"elementor_header_footer","meta":{"footnotes":""},"class_list":["post-1733","page","type-page","status-publish","hentry"],"_links":{"self":[{"href":"https:\/\/rawiptv.com\/es\/wp-json\/wp\/v2\/pages\/1733","targetHints":{"allow":["GET"]}}],"collection":[{"href":"https:\/\/rawiptv.com\/es\/wp-json\/wp\/v2\/pages"}],"about":[{"href":"https:\/\/rawiptv.com\/es\/wp-json\/wp\/v2\/types\/page"}],"author":[{"embeddable":true,"href":"https:\/\/rawiptv.com\/es\/wp-json\/wp\/v2\/users\/1"}],"replies":[{"embeddable":true,"href":"https:\/\/rawiptv.com\/es\/wp-json\/wp\/v2\/comments?post=1733"}],"version-history":[{"count":7,"href":"https:\/\/rawiptv.com\/es\/wp-json\/wp\/v2\/pages\/1733\/revisions"}],"predecessor-version":[{"id":1741,"href":"https:\/\/rawiptv.com\/es\/wp-json\/wp\/v2\/pages\/1733\/revisions\/1741"}],"wp:attachment":[{"href":"https:\/\/rawiptv.com\/es\/wp-json\/wp\/v2\/media?parent=1733"}],"curies":[{"name":"wp","href":"https:\/\/api.w.org\/{rel}","templated":true}]}}