{"id":1691,"date":"2024-06-11T13:00:11","date_gmt":"2024-06-11T12:00:11","guid":{"rendered":"https:\/\/rawiptv.com\/?page_id=1691"},"modified":"2024-06-11T13:39:10","modified_gmt":"2024-06-11T12:39:10","slug":"channel-list","status":"publish","type":"page","link":"https:\/\/rawiptv.com\/es\/channel-list\/","title":{"rendered":"Lista de canales"},"content":{"rendered":"<div data-elementor-type=\"wp-page\" data-elementor-id=\"1691\" class=\"elementor elementor-1691\" data-elementor-post-type=\"page\">\n\t\t\t\t<div class=\"elementor-element elementor-element-453afd7 e-con-full e-flex e-con e-child\" data-id=\"453afd7\" data-element_type=\"container\">\n\t\t\t\t<div class=\"elementor-element elementor-element-8c95ff7 elementor-widget elementor-widget-heading\" data-id=\"8c95ff7\" data-element_type=\"widget\" data-widget_type=\"heading.default\">\n\t\t\t\t<div class=\"elementor-widget-container\">\n\t\t\t\t\t<h3 class=\"elementor-heading-title elementor-size-default\">Navega por tus canales de televisi\u00f3n favoritos<\/h3>\t\t\t\t<\/div>\n\t\t\t\t<\/div>\n\t\t\t\t<\/div>\n\t\t<div class=\"elementor-element elementor-element-fe9106a e-con-full e-flex e-con e-parent\" data-id=\"fe9106a\" data-element_type=\"container\">\n\t\t\t\t<div class=\"elementor-element elementor-element-b87e3f6 elementor-widget elementor-widget-text-editor\" data-id=\"b87e3f6\" data-element_type=\"widget\" data-widget_type=\"text-editor.default\">\n\t\t\t\t<div class=\"elementor-widget-container\">\n\t\t\t\t\t\t\t\t\t<p>Agradecemos su inter\u00e9s por nuestra variada oferta de canales. Por motivos de copyright, no podemos publicar una lista completa de canales en nuestro sitio web. Le animamos a que aproveche nuestro periodo de prueba gratuito para conocer de primera mano toda nuestra selecci\u00f3n. Si tiene alguna pregunta o necesita m\u00e1s informaci\u00f3n, no dude en ponerse en contacto con nuestro equipo de atenci\u00f3n al cliente.<\/p>\t\t\t\t\t\t\t\t<\/div>\n\t\t\t\t<\/div>\n\t\t<div class=\"elementor-element elementor-element-1050c03 e-grid e-con-boxed e-con e-child\" data-id=\"1050c03\" data-element_type=\"container\">\n\t\t\t\t\t<div class=\"e-con-inner\">\n\t\t\t\t<div class=\"elementor-element elementor-element-f237f66 elementor-mobile-align-center elementor-widget elementor-widget-button\" data-id=\"f237f66\" data-element_type=\"widget\" data-widget_type=\"button.default\">\n\t\t\t\t<div class=\"elementor-widget-container\">\n\t\t\t\t\t\t\t\t\t<div class=\"elementor-button-wrapper\">\n\t\t\t\t\t<a class=\"elementor-button elementor-button-link elementor-size-sm\" href=\"https:\/\/rawiptv.com\/es\/contact\/\">\n\t\t\t\t\t\t<span class=\"elementor-button-content-wrapper\">\n\t\t\t\t\t\t\t\t\t<span class=\"elementor-button-text\">&nbsp;Comprar ahora&nbsp;<\/span>\n\t\t\t\t\t<\/span>\n\t\t\t\t\t<\/a>\n\t\t\t\t<\/div>\n\t\t\t\t\t\t\t\t<\/div>\n\t\t\t\t<\/div>\n\t\t\t\t<div class=\"elementor-element elementor-element-b8e8275 elementor-mobile-align-center elementor-widget elementor-widget-button\" data-id=\"b8e8275\" data-element_type=\"widget\" data-widget_type=\"button.default\">\n\t\t\t\t<div class=\"elementor-widget-container\">\n\t\t\t\t\t\t\t\t\t<div class=\"elementor-button-wrapper\">\n\t\t\t\t\t<a class=\"elementor-button elementor-button-link elementor-size-sm\" href=\"https:\/\/api.whatsapp.com\/send\/?phone=447465961101\">\n\t\t\t\t\t\t<span class=\"elementor-button-content-wrapper\">\n\t\t\t\t\t\t\t\t\t<span class=\"elementor-button-text\">Prueba gratuita<\/span>\n\t\t\t\t\t<\/span>\n\t\t\t\t\t<\/a>\n\t\t\t\t<\/div>\n\t\t\t\t\t\t\t\t<\/div>\n\t\t\t\t<\/div>\n\t\t\t\t\t<\/div>\n\t\t\t\t<\/div>\n\t\t\t\t<\/div>\n\t\t<div class=\"elementor-element elementor-element-6b49374 e-flex e-con-boxed e-con e-parent\" data-id=\"6b49374\" data-element_type=\"container\">\n\t\t\t\t\t<div class=\"e-con-inner\">\n\t\t\t\t\t<\/div>\n\t\t\t\t<\/div>\n\t\t\t\t<\/div>","protected":false},"excerpt":{"rendered":"<p>Navegue por sus canales de televisi\u00f3n favoritos Agradecemos su inter\u00e9s por nuestra variada oferta de canales. Por motivos de derechos de autor, no podemos publicar una lista completa de canales en nuestro sitio web. Le animamos a que aproveche nuestro periodo de prueba gratuito para conocer de primera mano toda nuestra selecci\u00f3n. Si tiene alguna pregunta o necesita [...]<\/p>","protected":false},"author":1,"featured_media":0,"parent":0,"menu_order":0,"comment_status":"closed","ping_status":"closed","template":"elementor_header_footer","meta":{"footnotes":""},"class_list":["post-1691","page","type-page","status-publish","hentry"],"_links":{"self":[{"href":"https:\/\/rawiptv.com\/es\/wp-json\/wp\/v2\/pages\/1691","targetHints":{"allow":["GET"]}}],"collection":[{"href":"https:\/\/rawiptv.com\/es\/wp-json\/wp\/v2\/pages"}],"about":[{"href":"https:\/\/rawiptv.com\/es\/wp-json\/wp\/v2\/types\/page"}],"author":[{"embeddable":true,"href":"https:\/\/rawiptv.com\/es\/wp-json\/wp\/v2\/users\/1"}],"replies":[{"embeddable":true,"href":"https:\/\/rawiptv.com\/es\/wp-json\/wp\/v2\/comments?post=1691"}],"version-history":[{"count":28,"href":"https:\/\/rawiptv.com\/es\/wp-json\/wp\/v2\/pages\/1691\/revisions"}],"predecessor-version":[{"id":1720,"href":"https:\/\/rawiptv.com\/es\/wp-json\/wp\/v2\/pages\/1691\/revisions\/1720"}],"wp:attachment":[{"href":"https:\/\/rawiptv.com\/es\/wp-json\/wp\/v2\/media?parent=1691"}],"curies":[{"name":"wp","href":"https:\/\/api.w.org\/{rel}","templated":true}]}}